{"id":30,"date":"2018-07-26T16:21:22","date_gmt":"2018-07-26T14:21:22","guid":{"rendered":"http:\/\/usykarate.fr\/?page_id=30"},"modified":"2018-07-26T19:13:16","modified_gmt":"2018-07-26T17:13:16","slug":"contact","status":"publish","type":"page","link":"https:\/\/usykarate.fr\/index.php\/contact\/","title":{"rendered":"Contact"},"content":{"rendered":"<div>\n<h1>Besoin d\u2019un contact, vous avez une question ?<\/h1>\n<p>&nbsp;<\/p>\n<p>Des interrogations quant aux contenus de nos cours ?<br \/>\nN\u2019h\u00e9sitez plus \u00e0 nous contacter imm\u00e9diatement par t\u00e9l\u00e9phone ou par mail. Nous ne manquerons pas de vous r\u00e9pondre dans les meilleurs d\u00e9lais.<\/p>\n<\/div>\n<div>Par t\u00e9l\u00e9phone : <strong><span>06.79.64.90.89<\/span><\/strong><span>\u00a0ou\u00a0<\/span><strong>06.80.03.21.85\u00a0<\/strong><\/div>\n<div>Par mail :\u00a0<strong>tebzant@gmail.com<\/strong> ou <strong>caroline.desmazures@gmail.com<\/strong><\/div>\n<div><\/div>\n<div>Suivez-nous sur :<\/div>\n<div>facebook :\u00a0<a href=\"https:\/\/www.facebook.com\/KarateUSY\/\">https:\/\/www.facebook.com\/KarateUSY\/<\/a><\/div>\n<div>Twitter :\u00a0<strong><span>@karateUsy<\/span><\/strong><\/div>\n","protected":false},"excerpt":{"rendered":"<p>Besoin d\u2019un contact, vous avez une question ? &nbsp; Des interrogations quant aux contenus de nos cours ? N\u2019h\u00e9sitez plus \u00e0 nous contacter imm\u00e9diatement par t\u00e9l\u00e9phone ou par mail. Nous ne manquerons pas de vous r\u00e9pondre dans les meilleurs d\u00e9lais. Par t\u00e9l\u00e9phone : 06.79.64.90.89\u00a0ou\u00a006.80.03.21.85\u00a0 Par mail :\u00a0tebzant@gmail.com ou caroline.desmazures@gmail.com Suivez-nous [&hellip;]<\/p>\n","protected":false},"author":2,"featured_media":0,"parent":0,"menu_order":0,"comment_status":"closed","ping_status":"closed","template":"","meta":{"footnotes":""},"class_list":["post-30","page","type-page","status-publish","hentry"],"_links":{"self":[{"href":"https:\/\/usykarate.fr\/index.php\/wp-json\/wp\/v2\/pages\/30","targetHints":{"allow":["GET"]}}],"collection":[{"href":"https:\/\/usykarate.fr\/index.php\/wp-json\/wp\/v2\/pages"}],"about":[{"href":"https:\/\/usykarate.fr\/index.php\/wp-json\/wp\/v2\/types\/page"}],"author":[{"embeddable":true,"href":"https:\/\/usykarate.fr\/index.php\/wp-json\/wp\/v2\/users\/2"}],"replies":[{"embeddable":true,"href":"https:\/\/usykarate.fr\/index.php\/wp-json\/wp\/v2\/comments?post=30"}],"version-history":[{"count":2,"href":"https:\/\/usykarate.fr\/index.php\/wp-json\/wp\/v2\/pages\/30\/revisions"}],"predecessor-version":[{"id":42,"href":"https:\/\/usykarate.fr\/index.php\/wp-json\/wp\/v2\/pages\/30\/revisions\/42"}],"wp:attachment":[{"href":"https:\/\/usykarate.fr\/index.php\/wp-json\/wp\/v2\/media?parent=30"}],"curies":[{"name":"wp","href":"https:\/\/api.w.org\/{rel}","templated":true}]}}