{"id":20,"date":"2018-07-25T12:10:42","date_gmt":"2018-07-25T10:10:42","guid":{"rendered":"http:\/\/usykarate.fr\/?page_id=20"},"modified":"2025-08-31T13:45:08","modified_gmt":"2025-08-31T11:45:08","slug":"cours-horaires","status":"publish","type":"page","link":"https:\/\/usykarate.fr\/index.php\/cours-horaires\/","title":{"rendered":"Cours de Karat\u00e9"},"content":{"rendered":"\n<p class=\"has-text-align-center\">Nous vous proposons plusieurs <strong>cours de Karat\u00e9<\/strong><\/p>\n\n\n\n<p class=\"has-text-align-center\">Pour les <strong>baby karat\u00e9<\/strong> (4-6ans) &#8211; <strong><em>mercredi de 16h \u00e0 16h45<\/em><\/strong> (Garanci\u00e8res)<\/p>\n\n\n\n<figure class=\"wp-block-gallery has-nested-images columns-default is-cropped wp-block-gallery-1 is-layout-flex wp-block-gallery-is-layout-flex\">\n<figure class=\"wp-block-image size-large\"><img loading=\"lazy\" decoding=\"async\" width=\"1024\" height=\"768\" data-id=\"1194\" src=\"https:\/\/usykarate.fr\/wp-content\/uploads\/2025\/08\/482063590_1088293579776051_4507116345800892061_n-1024x768.jpg\" alt=\"\" class=\"wp-image-1194\" srcset=\"https:\/\/usykarate.fr\/wp-content\/uploads\/2025\/08\/482063590_1088293579776051_4507116345800892061_n-1024x768.jpg 1024w, https:\/\/usykarate.fr\/wp-content\/uploads\/2025\/08\/482063590_1088293579776051_4507116345800892061_n-300x225.jpg 300w, https:\/\/usykarate.fr\/wp-content\/uploads\/2025\/08\/482063590_1088293579776051_4507116345800892061_n-768x576.jpg 768w, https:\/\/usykarate.fr\/wp-content\/uploads\/2025\/08\/482063590_1088293579776051_4507116345800892061_n-1536x1152.jpg 1536w, https:\/\/usykarate.fr\/wp-content\/uploads\/2025\/08\/482063590_1088293579776051_4507116345800892061_n.jpg 2048w\" sizes=\"auto, (max-width: 1024px) 100vw, 1024px\" \/><\/figure>\n\n\n\n<figure class=\"wp-block-image size-large\"><img loading=\"lazy\" decoding=\"async\" width=\"1024\" height=\"1024\" data-id=\"1195\" src=\"https:\/\/usykarate.fr\/wp-content\/uploads\/2025\/08\/485151417_9397522596961901_8099594889078653026_n-1024x1024.jpg\" alt=\"\" class=\"wp-image-1195\" srcset=\"https:\/\/usykarate.fr\/wp-content\/uploads\/2025\/08\/485151417_9397522596961901_8099594889078653026_n-1024x1024.jpg 1024w, https:\/\/usykarate.fr\/wp-content\/uploads\/2025\/08\/485151417_9397522596961901_8099594889078653026_n-300x300.jpg 300w, https:\/\/usykarate.fr\/wp-content\/uploads\/2025\/08\/485151417_9397522596961901_8099594889078653026_n-150x150.jpg 150w, https:\/\/usykarate.fr\/wp-content\/uploads\/2025\/08\/485151417_9397522596961901_8099594889078653026_n-768x768.jpg 768w, https:\/\/usykarate.fr\/wp-content\/uploads\/2025\/08\/485151417_9397522596961901_8099594889078653026_n.jpg 1433w\" sizes=\"auto, (max-width: 1024px) 100vw, 1024px\" \/><\/figure>\n<\/figure>\n\n\n\n<p class=\"has-text-align-center\">Cours ludiques et adapt\u00e9s \u00e0 l&rsquo;enfant<\/p>\n\n\n\n<p class=\"has-text-align-center\">Pour les <strong>enfants<\/strong> (7-14 ans) &#8211; <strong><em>jeudi 18h \u00e0 19h <\/em> <\/strong>(La queue les Yvelines)<\/p>\n\n\n\n<p class=\"has-text-align-center\"><strong><em>Samedi 10h45 \u00e0 11h45&nbsp;<\/em> <\/strong>(La Queue-Lez-Yvelines)<\/p>\n\n\n\n<figure class=\"wp-block-gallery has-nested-images columns-3 is-cropped wp-block-gallery-2 is-layout-flex wp-block-gallery-is-layout-flex\">\n<figure class=\"wp-block-image size-large\"><img loading=\"lazy\" decoding=\"async\" width=\"1024\" height=\"576\" data-id=\"125\" src=\"https:\/\/usykarate.fr\/wp-content\/uploads\/2018\/07\/IMG_20180526_114412-1024x576.jpg\" alt=\"\" class=\"wp-image-125\" srcset=\"https:\/\/usykarate.fr\/wp-content\/uploads\/2018\/07\/IMG_20180526_114412-1024x576.jpg 1024w, https:\/\/usykarate.fr\/wp-content\/uploads\/2018\/07\/IMG_20180526_114412-300x169.jpg 300w, https:\/\/usykarate.fr\/wp-content\/uploads\/2018\/07\/IMG_20180526_114412-768x432.jpg 768w, https:\/\/usykarate.fr\/wp-content\/uploads\/2018\/07\/IMG_20180526_114412.jpg 1920w\" sizes=\"auto, (max-width: 1024px) 100vw, 1024px\" \/><\/figure>\n\n\n\n<figure class=\"wp-block-image size-large\"><img loading=\"lazy\" decoding=\"async\" width=\"1024\" height=\"576\" data-id=\"124\" src=\"https:\/\/usykarate.fr\/wp-content\/uploads\/2018\/07\/IMG_20180526_111622-1024x576.jpg\" alt=\"\" class=\"wp-image-124\" srcset=\"https:\/\/usykarate.fr\/wp-content\/uploads\/2018\/07\/IMG_20180526_111622-1024x576.jpg 1024w, https:\/\/usykarate.fr\/wp-content\/uploads\/2018\/07\/IMG_20180526_111622-300x169.jpg 300w, https:\/\/usykarate.fr\/wp-content\/uploads\/2018\/07\/IMG_20180526_111622-768x432.jpg 768w\" sizes=\"auto, (max-width: 1024px) 100vw, 1024px\" \/><\/figure>\n<\/figure>\n\n\n\n<figure class=\"wp-block-gallery has-nested-images columns-default is-cropped wp-block-gallery-3 is-layout-flex wp-block-gallery-is-layout-flex\">\n<figure class=\"wp-block-image size-large\"><img loading=\"lazy\" decoding=\"async\" width=\"1024\" height=\"682\" data-id=\"1199\" src=\"https:\/\/usykarate.fr\/wp-content\/uploads\/2025\/08\/482014939_1089310359674373_4152743203302062235_n-1024x682.jpg\" alt=\"\" class=\"wp-image-1199\" srcset=\"https:\/\/usykarate.fr\/wp-content\/uploads\/2025\/08\/482014939_1089310359674373_4152743203302062235_n-1024x682.jpg 1024w, https:\/\/usykarate.fr\/wp-content\/uploads\/2025\/08\/482014939_1089310359674373_4152743203302062235_n-300x200.jpg 300w, https:\/\/usykarate.fr\/wp-content\/uploads\/2025\/08\/482014939_1089310359674373_4152743203302062235_n-768x512.jpg 768w, https:\/\/usykarate.fr\/wp-content\/uploads\/2025\/08\/482014939_1089310359674373_4152743203302062235_n-360x240.jpg 360w, https:\/\/usykarate.fr\/wp-content\/uploads\/2025\/08\/482014939_1089310359674373_4152743203302062235_n.jpg 1280w\" sizes=\"auto, (max-width: 1024px) 100vw, 1024px\" \/><\/figure>\n<\/figure>\n\n\n\n<figure class=\"wp-block-gallery has-nested-images columns-default is-cropped wp-block-gallery-4 is-layout-flex wp-block-gallery-is-layout-flex\">\n<figure class=\"wp-block-image size-large\"><img loading=\"lazy\" decoding=\"async\" width=\"1024\" height=\"471\" data-id=\"1203\" src=\"https:\/\/usykarate.fr\/wp-content\/uploads\/2025\/08\/482135979_1089079229697486_2833730291930524549_n-1024x471.jpg\" alt=\"\" class=\"wp-image-1203\" srcset=\"https:\/\/usykarate.fr\/wp-content\/uploads\/2025\/08\/482135979_1089079229697486_2833730291930524549_n-1024x471.jpg 1024w, https:\/\/usykarate.fr\/wp-content\/uploads\/2025\/08\/482135979_1089079229697486_2833730291930524549_n-300x138.jpg 300w, https:\/\/usykarate.fr\/wp-content\/uploads\/2025\/08\/482135979_1089079229697486_2833730291930524549_n-768x353.jpg 768w, https:\/\/usykarate.fr\/wp-content\/uploads\/2025\/08\/482135979_1089079229697486_2833730291930524549_n-1536x707.jpg 1536w, https:\/\/usykarate.fr\/wp-content\/uploads\/2025\/08\/482135979_1089079229697486_2833730291930524549_n.jpg 1600w\" sizes=\"auto, (max-width: 1024px) 100vw, 1024px\" \/><\/figure>\n<\/figure>\n\n\n\n<figure class=\"wp-block-gallery has-nested-images columns-default is-cropped wp-block-gallery-5 is-layout-flex wp-block-gallery-is-layout-flex\">\n<figure class=\"wp-block-image size-large\"><img loading=\"lazy\" decoding=\"async\" width=\"1024\" height=\"1024\" data-id=\"1207\" src=\"https:\/\/usykarate.fr\/wp-content\/uploads\/2025\/08\/474712283_1057860852819324_1015925886149490827_n-1024x1024.jpg\" alt=\"\" class=\"wp-image-1207\" srcset=\"https:\/\/usykarate.fr\/wp-content\/uploads\/2025\/08\/474712283_1057860852819324_1015925886149490827_n-1024x1024.jpg 1024w, https:\/\/usykarate.fr\/wp-content\/uploads\/2025\/08\/474712283_1057860852819324_1015925886149490827_n-300x300.jpg 300w, https:\/\/usykarate.fr\/wp-content\/uploads\/2025\/08\/474712283_1057860852819324_1015925886149490827_n-150x150.jpg 150w, https:\/\/usykarate.fr\/wp-content\/uploads\/2025\/08\/474712283_1057860852819324_1015925886149490827_n-768x768.jpg 768w, https:\/\/usykarate.fr\/wp-content\/uploads\/2025\/08\/474712283_1057860852819324_1015925886149490827_n-1536x1536.jpg 1536w, https:\/\/usykarate.fr\/wp-content\/uploads\/2025\/08\/474712283_1057860852819324_1015925886149490827_n.jpg 2048w\" sizes=\"auto, (max-width: 1024px) 100vw, 1024px\" \/><\/figure>\n\n\n\n<figure class=\"wp-block-image size-large\"><img loading=\"lazy\" decoding=\"async\" width=\"677\" height=\"508\" data-id=\"1204\" src=\"https:\/\/usykarate.fr\/wp-content\/uploads\/2025\/08\/476633207_1069216105017132_8246786025347498483_n.jpg\" alt=\"\" class=\"wp-image-1204\" srcset=\"https:\/\/usykarate.fr\/wp-content\/uploads\/2025\/08\/476633207_1069216105017132_8246786025347498483_n.jpg 677w, https:\/\/usykarate.fr\/wp-content\/uploads\/2025\/08\/476633207_1069216105017132_8246786025347498483_n-300x225.jpg 300w\" sizes=\"auto, (max-width: 677px) 100vw, 677px\" \/><\/figure>\n<\/figure>\n\n\n\n<figure class=\"wp-block-image size-full\"><img loading=\"lazy\" decoding=\"async\" width=\"960\" height=\"956\" src=\"https:\/\/usykarate.fr\/wp-content\/uploads\/2025\/08\/78470396_2620248494689379_413187072329777152_n.jpg\" alt=\"\" class=\"wp-image-1217\" srcset=\"https:\/\/usykarate.fr\/wp-content\/uploads\/2025\/08\/78470396_2620248494689379_413187072329777152_n.jpg 960w, https:\/\/usykarate.fr\/wp-content\/uploads\/2025\/08\/78470396_2620248494689379_413187072329777152_n-300x300.jpg 300w, https:\/\/usykarate.fr\/wp-content\/uploads\/2025\/08\/78470396_2620248494689379_413187072329777152_n-150x150.jpg 150w, https:\/\/usykarate.fr\/wp-content\/uploads\/2025\/08\/78470396_2620248494689379_413187072329777152_n-768x765.jpg 768w\" sizes=\"auto, (max-width: 960px) 100vw, 960px\" \/><\/figure>\n\n\n\n<p class=\"has-text-align-center\">Cours <strong>Adultes<\/strong> (d\u00e8s 15 ans) &#8211; <em><strong>Jeudi 19h \u00e0 21h<\/strong><\/em> (La Queue-Lez-Yvelines)<\/p>\n\n\n\n<p class=\"has-text-align-center\">Cours dynamique &amp; apprentissages<\/p>\n\n\n\n<p class=\"has-text-align-center\">Pr\u00e9paration aux grades, \u00e0 la comp\u00e9tition (Combat &amp; kata)<\/p>\n\n\n\n<figure class=\"wp-block-gallery has-nested-images columns-default is-cropped wp-block-gallery-6 is-layout-flex wp-block-gallery-is-layout-flex\">\n<figure class=\"wp-block-image size-large\"><img loading=\"lazy\" decoding=\"async\" width=\"1024\" height=\"768\" data-id=\"1221\" src=\"https:\/\/usykarate.fr\/wp-content\/uploads\/2025\/08\/482247778_9394702717243889_7012321295483551972_n-1024x768.jpg\" alt=\"\" class=\"wp-image-1221\" srcset=\"https:\/\/usykarate.fr\/wp-content\/uploads\/2025\/08\/482247778_9394702717243889_7012321295483551972_n-1024x768.jpg 1024w, https:\/\/usykarate.fr\/wp-content\/uploads\/2025\/08\/482247778_9394702717243889_7012321295483551972_n-300x225.jpg 300w, https:\/\/usykarate.fr\/wp-content\/uploads\/2025\/08\/482247778_9394702717243889_7012321295483551972_n-768x576.jpg 768w, https:\/\/usykarate.fr\/wp-content\/uploads\/2025\/08\/482247778_9394702717243889_7012321295483551972_n-1536x1152.jpg 1536w, https:\/\/usykarate.fr\/wp-content\/uploads\/2025\/08\/482247778_9394702717243889_7012321295483551972_n.jpg 2048w\" sizes=\"auto, (max-width: 1024px) 100vw, 1024px\" \/><\/figure>\n\n\n\n<figure class=\"wp-block-image size-large\"><img loading=\"lazy\" decoding=\"async\" width=\"1024\" height=\"768\" data-id=\"1220\" src=\"https:\/\/usykarate.fr\/wp-content\/uploads\/2025\/08\/485393258_9398668303513997_5655575241399022436_n-1024x768.jpg\" alt=\"\" class=\"wp-image-1220\" srcset=\"https:\/\/usykarate.fr\/wp-content\/uploads\/2025\/08\/485393258_9398668303513997_5655575241399022436_n-1024x768.jpg 1024w, https:\/\/usykarate.fr\/wp-content\/uploads\/2025\/08\/485393258_9398668303513997_5655575241399022436_n-300x225.jpg 300w, https:\/\/usykarate.fr\/wp-content\/uploads\/2025\/08\/485393258_9398668303513997_5655575241399022436_n-768x576.jpg 768w, https:\/\/usykarate.fr\/wp-content\/uploads\/2025\/08\/485393258_9398668303513997_5655575241399022436_n-1536x1152.jpg 1536w, https:\/\/usykarate.fr\/wp-content\/uploads\/2025\/08\/485393258_9398668303513997_5655575241399022436_n.jpg 2048w\" sizes=\"auto, (max-width: 1024px) 100vw, 1024px\" \/><\/figure>\n\n\n\n<figure class=\"wp-block-image size-large\"><img loading=\"lazy\" decoding=\"async\" width=\"1024\" height=\"461\" data-id=\"1219\" src=\"https:\/\/usykarate.fr\/wp-content\/uploads\/2025\/08\/485357243_9403603469687147_5021700344738113754_n-1024x461.jpg\" alt=\"\" class=\"wp-image-1219\" srcset=\"https:\/\/usykarate.fr\/wp-content\/uploads\/2025\/08\/485357243_9403603469687147_5021700344738113754_n-1024x461.jpg 1024w, https:\/\/usykarate.fr\/wp-content\/uploads\/2025\/08\/485357243_9403603469687147_5021700344738113754_n-300x135.jpg 300w, https:\/\/usykarate.fr\/wp-content\/uploads\/2025\/08\/485357243_9403603469687147_5021700344738113754_n-768x346.jpg 768w, https:\/\/usykarate.fr\/wp-content\/uploads\/2025\/08\/485357243_9403603469687147_5021700344738113754_n.jpg 1422w\" sizes=\"auto, (max-width: 1024px) 100vw, 1024px\" \/><\/figure>\n\n\n\n<figure class=\"wp-block-image size-large\"><img loading=\"lazy\" decoding=\"async\" width=\"1024\" height=\"768\" data-id=\"1218\" src=\"https:\/\/usykarate.fr\/wp-content\/uploads\/2025\/08\/475000875_1057193926219350_8837089199655312407_n-1024x768.jpg\" alt=\"\" class=\"wp-image-1218\" srcset=\"https:\/\/usykarate.fr\/wp-content\/uploads\/2025\/08\/475000875_1057193926219350_8837089199655312407_n-1024x768.jpg 1024w, https:\/\/usykarate.fr\/wp-content\/uploads\/2025\/08\/475000875_1057193926219350_8837089199655312407_n-300x225.jpg 300w, https:\/\/usykarate.fr\/wp-content\/uploads\/2025\/08\/475000875_1057193926219350_8837089199655312407_n-768x576.jpg 768w, https:\/\/usykarate.fr\/wp-content\/uploads\/2025\/08\/475000875_1057193926219350_8837089199655312407_n-1536x1152.jpg 1536w, https:\/\/usykarate.fr\/wp-content\/uploads\/2025\/08\/475000875_1057193926219350_8837089199655312407_n.jpg 2048w\" sizes=\"auto, (max-width: 1024px) 100vw, 1024px\" \/><\/figure>\n<\/figure>\n\n\n\n<figure class=\"wp-block-image size-large\"><img loading=\"lazy\" decoding=\"async\" width=\"1024\" height=\"683\" src=\"https:\/\/usykarate.fr\/wp-content\/uploads\/2024\/07\/karate-149-1024x683.jpg\" alt=\"\" class=\"wp-image-990\" srcset=\"https:\/\/usykarate.fr\/wp-content\/uploads\/2024\/07\/karate-149-1024x683.jpg 1024w, https:\/\/usykarate.fr\/wp-content\/uploads\/2024\/07\/karate-149-300x200.jpg 300w, https:\/\/usykarate.fr\/wp-content\/uploads\/2024\/07\/karate-149-768x512.jpg 768w, https:\/\/usykarate.fr\/wp-content\/uploads\/2024\/07\/karate-149-1536x1024.jpg 1536w, https:\/\/usykarate.fr\/wp-content\/uploads\/2024\/07\/karate-149-2048x1365.jpg 2048w, https:\/\/usykarate.fr\/wp-content\/uploads\/2024\/07\/karate-149-360x240.jpg 360w\" sizes=\"auto, (max-width: 1024px) 100vw, 1024px\" \/><figcaption class=\"wp-element-caption\">Avec les ceintures noires du club (certains sont absents)<\/figcaption><\/figure>\n\n\n\n<p class=\"has-text-align-center\">Cours\u00a0<strong>Comp\u00e9tition Adultes <\/strong>&#8211;<em>\u00a0<\/em><strong><em>samedi 12h \u00e0 13h15\u00a0<\/em><\/strong>(La Queue-Lez-Yvelines)<\/p>\n\n\n\n<p class=\"has-text-align-center\">Cours d\u00e9di\u00e9 la comp\u00e9tition et la pr\u00e9paration aux grades<\/p>\n\n\n\n<figure class=\"wp-block-gallery has-nested-images columns-default is-cropped wp-block-gallery-7 is-layout-flex wp-block-gallery-is-layout-flex\">\n<figure class=\"wp-block-image size-large\"><img loading=\"lazy\" decoding=\"async\" width=\"1024\" height=\"768\" data-id=\"1208\" src=\"https:\/\/usykarate.fr\/wp-content\/uploads\/2025\/08\/481568130_1080968203841922_1752151466893517178_n-1024x768.jpg\" alt=\"\" class=\"wp-image-1208\" srcset=\"https:\/\/usykarate.fr\/wp-content\/uploads\/2025\/08\/481568130_1080968203841922_1752151466893517178_n-1024x768.jpg 1024w, https:\/\/usykarate.fr\/wp-content\/uploads\/2025\/08\/481568130_1080968203841922_1752151466893517178_n-300x225.jpg 300w, https:\/\/usykarate.fr\/wp-content\/uploads\/2025\/08\/481568130_1080968203841922_1752151466893517178_n-768x576.jpg 768w, https:\/\/usykarate.fr\/wp-content\/uploads\/2025\/08\/481568130_1080968203841922_1752151466893517178_n-1536x1152.jpg 1536w, https:\/\/usykarate.fr\/wp-content\/uploads\/2025\/08\/481568130_1080968203841922_1752151466893517178_n.jpg 2048w\" sizes=\"auto, (max-width: 1024px) 100vw, 1024px\" \/><\/figure>\n\n\n\n<figure class=\"wp-block-image size-large\"><img loading=\"lazy\" decoding=\"async\" width=\"1024\" height=\"768\" data-id=\"1209\" src=\"https:\/\/usykarate.fr\/wp-content\/uploads\/2025\/08\/480830148_1081701093768633_664239437235579401_n-1024x768.jpg\" alt=\"\" class=\"wp-image-1209\" srcset=\"https:\/\/usykarate.fr\/wp-content\/uploads\/2025\/08\/480830148_1081701093768633_664239437235579401_n-1024x768.jpg 1024w, https:\/\/usykarate.fr\/wp-content\/uploads\/2025\/08\/480830148_1081701093768633_664239437235579401_n-300x225.jpg 300w, https:\/\/usykarate.fr\/wp-content\/uploads\/2025\/08\/480830148_1081701093768633_664239437235579401_n-768x576.jpg 768w, https:\/\/usykarate.fr\/wp-content\/uploads\/2025\/08\/480830148_1081701093768633_664239437235579401_n-1536x1152.jpg 1536w, https:\/\/usykarate.fr\/wp-content\/uploads\/2025\/08\/480830148_1081701093768633_664239437235579401_n.jpg 2048w\" sizes=\"auto, (max-width: 1024px) 100vw, 1024px\" \/><\/figure>\n<\/figure>\n\n\n\n<figure class=\"wp-block-gallery has-nested-images columns-default is-cropped wp-block-gallery-8 is-layout-flex wp-block-gallery-is-layout-flex\">\n<figure class=\"wp-block-image size-large\"><img loading=\"lazy\" decoding=\"async\" width=\"1024\" height=\"768\" data-id=\"1205\" src=\"https:\/\/usykarate.fr\/wp-content\/uploads\/2025\/08\/481300189_1084006783538064_4736757311361935143_n.jpg\" alt=\"\" class=\"wp-image-1205\" srcset=\"https:\/\/usykarate.fr\/wp-content\/uploads\/2025\/08\/481300189_1084006783538064_4736757311361935143_n.jpg 1024w, https:\/\/usykarate.fr\/wp-content\/uploads\/2025\/08\/481300189_1084006783538064_4736757311361935143_n-300x225.jpg 300w, https:\/\/usykarate.fr\/wp-content\/uploads\/2025\/08\/481300189_1084006783538064_4736757311361935143_n-768x576.jpg 768w\" sizes=\"auto, (max-width: 1024px) 100vw, 1024px\" \/><\/figure>\n<\/figure>\n\n\n\n<figure class=\"wp-block-image size-full\"><img loading=\"lazy\" decoding=\"async\" width=\"677\" height=\"508\" src=\"https:\/\/usykarate.fr\/wp-content\/uploads\/2025\/08\/Compet.jpeg\" alt=\"\" class=\"wp-image-1216\" srcset=\"https:\/\/usykarate.fr\/wp-content\/uploads\/2025\/08\/Compet.jpeg 677w, https:\/\/usykarate.fr\/wp-content\/uploads\/2025\/08\/Compet-300x225.jpeg 300w\" sizes=\"auto, (max-width: 677px) 100vw, 677px\" \/><\/figure>\n\n\n\n<p>Suivez-nous sur <strong>Facebook<\/strong> : <a href=\"https:\/\/www.facebook.com\/KarateUSY\/\">cliquez<\/a><a href=\"https:\/\/www.facebook.com\/KarateUSY\/\">&nbsp;<\/a><strong>Twitter<\/strong> :&nbsp;@karateUsy<\/p>\n\n\n\n<p><strong>Contactez-nous<\/strong>&nbsp;: <a href=\"https:\/\/usykarate.fr\/index.php\/contact\/\">cliquez<\/a><a href=\"https:\/\/usykarate.fr\/index.php\/contact\/\"><\/a><\/p>\n","protected":false},"excerpt":{"rendered":"<p>Nous vous proposons plusieurs cours de Karat\u00e9 Pour les baby karat\u00e9 (4-6ans) &#8211; mercredi de 16h \u00e0 16h45 (Garanci\u00e8res) Cours ludiques et adapt\u00e9s \u00e0 l&rsquo;enfant Pour les enfants (7-14 ans) &#8211; jeudi 18h \u00e0 19h (La queue les Yvelines) Samedi 10h45 \u00e0 11h45&nbsp; (La Queue-Lez-Yvelines) Cours Adultes (d\u00e8s 15 ans) [&hellip;]<\/p>\n","protected":false},"author":2,"featured_media":0,"parent":0,"menu_order":0,"comment_status":"closed","ping_status":"closed","template":"","meta":{"footnotes":""},"class_list":["post-20","page","type-page","status-publish","hentry"],"_links":{"self":[{"href":"https:\/\/usykarate.fr\/index.php\/wp-json\/wp\/v2\/pages\/20","targetHints":{"allow":["GET"]}}],"collection":[{"href":"https:\/\/usykarate.fr\/index.php\/wp-json\/wp\/v2\/pages"}],"about":[{"href":"https:\/\/usykarate.fr\/index.php\/wp-json\/wp\/v2\/types\/page"}],"author":[{"embeddable":true,"href":"https:\/\/usykarate.fr\/index.php\/wp-json\/wp\/v2\/users\/2"}],"replies":[{"embeddable":true,"href":"https:\/\/usykarate.fr\/index.php\/wp-json\/wp\/v2\/comments?post=20"}],"version-history":[{"count":16,"href":"https:\/\/usykarate.fr\/index.php\/wp-json\/wp\/v2\/pages\/20\/revisions"}],"predecessor-version":[{"id":1222,"href":"https:\/\/usykarate.fr\/index.php\/wp-json\/wp\/v2\/pages\/20\/revisions\/1222"}],"wp:attachment":[{"href":"https:\/\/usykarate.fr\/index.php\/wp-json\/wp\/v2\/media?parent=20"}],"curies":[{"name":"wp","href":"https:\/\/api.w.org\/{rel}","templated":true}]}}