{"id":129,"date":"2018-07-30T12:43:19","date_gmt":"2018-07-30T10:43:19","guid":{"rendered":"http:\/\/usykarate.fr\/?page_id=129"},"modified":"2025-08-31T00:04:47","modified_gmt":"2025-08-30T22:04:47","slug":"file-c-users-tebza-documents-karate-2019-demande-inscription-karate-saison-2020-2021-pdf","status":"publish","type":"page","link":"https:\/\/usykarate.fr\/index.php\/file-c-users-tebza-documents-karate-2019-demande-inscription-karate-saison-2020-2021-pdf\/","title":{"rendered":"Horaires &#038; Tarifs"},"content":{"rendered":"<div class=\"gs\">\n<div class=\"\">\n<div id=\":35u\" class=\"ii gt adO\">\n<div id=\":35v\" class=\"a3s aXjCH \">\n<div class=\"m_-226093046684070229entry-content m_-226093046684070229post-body\" id=\"m_-226093046684070229post-body-3911365190782670652\">\n<div>\n<p><span>-cours de <strong>karat\u00e9<\/strong>\u00a0pour les\u00a0<strong>adultes &amp; Adolescents, enfants<\/strong>, et\u00a0<b>baby Karat\u00e9<\/b>.<\/span><\/p>\n<p>-cours de <strong>body karat\u00e9 et pilates\u00a0<\/strong>(\u00e0 partir de 16 ans).<\/p>\n<p>Notre club propose des cours de karat\u00e9\u00a0<strong>pour tous les \u00e2ges et pour tous les niveaux, du d\u00e9butant \u00e0 la ceinture noire.<\/strong><\/p>\n<div class=\"m_-226093046684070229entry-content m_-226093046684070229post-body\" id=\"m_-226093046684070229post-body-3911365190782670652\">\n<p>Pour les adultes, les cours de\u00a0<strong>karat\u00e9 traditionnel<\/strong>\u00a0(kihon \/ kumite \/ kata \/ bunkai) compl\u00e9t\u00e9s d\u2019entra\u00eenements ax\u00e9s sur des techniques de circuit training.<\/p>\n<\/div>\n<h2><strong>Karat\u00e9 Adultes, juniors<\/strong><\/h2>\n<p><em><strong>JEUDI 19h-21h<\/strong><\/em><\/p>\n<p>Un cours par semaine pour tous (Combat &amp; kata) assur\u00e9 par Patrick<\/p>\n<p><em><strong>SAMEDI 12h-13h15<\/strong><\/em><\/p>\n<p>Un cours par semaine d\u00e9di\u00e9 aux ceintures noires et\/ou aux comp\u00e9titeurs assur\u00e9 par Caroline qui vous apportera sa double comp\u00e9tence : <a href=\"https:\/\/www.capcoaching-performance.fr\">coach professionnelle, pr\u00e9paratrice mentale au service de la performance et sophrologue.\u00a0<\/a><\/p>\n<\/div>\n<div>\n<div>\n<h2><strong>Karat\u00e9 Enfants\/Ados\u00a0<\/strong>(d\u00e8s 7 ans jusqu&rsquo;\u00e0 12ans)<\/h2>\n<\/div>\n<\/div>\n<p><em><strong>JEUDI 18h-19h\u00a0<\/strong><\/em><\/p>\n<p>Cours tout niveau assur\u00e9 par Patrick<\/p>\n<p><em><strong>SAMEDI 10h45-12h<\/strong><\/em><\/p>\n<p>Cours tout niveau + possibilit\u00e9 de participer aux <a href=\"http:\/\/www.karatecolombes.fr\/cours-de-karate\/horaires-dojos\/#coursavances\" target=\"_blank\" data-saferedirecturl=\"https:\/\/www.google.com\/url?q=http:\/\/www.karatecolombes.fr\/cours-de-karate\/horaires-dojos\/%23coursavances&amp;source=gmail&amp;ust=1535012190871000&amp;usg=AFQjCNERO1DLbN_hys-nv-oDDqQWNZLlrQ\" rel=\"noopener noreferrer\">cours avanc\u00e9s<\/a> (voir avec les professeurs) assur\u00e9s par Caroline, assist\u00e9e de Kyliann<\/p>\n<div>\n<div>\n<h2><strong>Karat\u00e9 Baby\u00a0<\/strong>(de 4 ans \u00e0 6 ans compris)<\/h2>\n<p><strong><em>MERCREDI 16h \u00e0 16h45 &#8211; \u00e0 Garanci\u00e8re (ancienne caserne des pompiers)<\/em><\/strong><\/p>\n<\/div>\n<\/div>\n<p>Un cours par semaine adapt\u00e9 aux plus jeunes assur\u00e9 par Thomas.<\/p>\n<\/div>\n<\/div>\n<\/div>\n<\/div>\n<\/div>\n<div id=\"m_-226093046684070229coursavances\">\n<div>\n<h2><strong>Enfants\/Ados avanc\u00e9s<\/strong>(\u00e0 partir de 13 ans)<\/h2>\n<p><em><strong>JEUDI 19h-20h<\/strong><\/em><\/p>\n<p><em><strong>SAMEDI 12h00-13h15<\/strong><\/em><\/p>\n<\/div>\n<\/div>\n<p><span><b><span style=\"color: #ff2600;\">P<\/span><\/b><b><span style=\"color: #ff2600;\">ou<\/span><span style=\"color: #ff0000;\">r les enfants et adolescents avanc\u00e9s\u00a0<\/span><\/b>(\u00e0 partir de la ceinture Marron\/bleu).<\/span><span>\u00a0<\/span><span style=\"color: #373737;\">Ces cours suppl\u00e9mentaires sont r\u00e9serv\u00e9s aux \u00e9l\u00e8ves s\u00e9lectionn\u00e9s (voir avec les professeurs) assur\u00e9s par Patrick (jeudi soir) et par Caroline (samedi)<\/span><\/p>\n<h2><strong>Body karat\u00e9 et Pilates<\/strong>(\u00e0 partir de 16 ans)<\/h2>\n<p><em><strong>SAMEDI 9h30-10h30<\/strong><\/em><\/p>\n<p>Cours ouvert \u00e0 tous assur\u00e9 par Caroline.<\/p>\n<h2 style=\"text-align: center;\"><span style=\"color: #ff0000;\"><\/span>Tarifs saison 2025 &#8211; 2026<a href=\"https:\/\/usykarate.fr\/wp-content\/uploads\/2018\/08\/Modalit\u00e9s-dinscription-2018-1.docx\"><\/a><\/h2>\n<p style=\"text-align: center;\"><a href=\"https:\/\/usykarate.fr\/wp-content\/uploads\/2025\/07\/Usy-Karate-Saison-2025-2026.pdf\">Usy-Karat\u00e9-Saison-2025-2026<\/a><\/p>\n<h1 style=\"text-align: center;\"><strong style=\"color: inherit; font-size: 0.8em;\">Modalit\u00e9s<\/strong><span style=\"color: inherit; font-size: 0.8em; font-weight: 600;\"> <\/span><strong style=\"color: inherit; font-size: 0.8em;\">d\u2019inscription<\/strong><\/h1>\n<p style=\"text-align: center;\"><a href=\"https:\/\/usykarate.fr\/wp-content\/uploads\/2025\/07\/Demande-inscription-Karate-Saison-2025-2026.pdf\">Demande-inscription-Karat\u00e9-Saison-2025-2026<\/a><\/p>\n<ul>\n<li>Formulaire de demande de licence FFKDA<\/li>\n<li>Remplir le questionnaire et l&rsquo;attestation sur l&rsquo;honneur (remplace le certificat m\u00e9dical)<\/li>\n<\/ul>\n<p>&#8211; \u00e9l\u00e8ve mineur : <a href=\"https:\/\/www.ffkarate.fr\/wp-content\/uploads\/2021\/09\/Annexe-N\u00b01-QUESTIONNAIRE-A-DESTINATION-DES-LICENCIES-MINEURS_vf.pdf\">Questionnaire<\/a>\u00a0&amp; <a href=\"https:\/\/www.ffkarate.fr\/wp-content\/uploads\/2021\/09\/Annexe-N\u00b02-ATTESTATION-SUR-LHONNEUR-SPORTIF-MINEUR_vf.pdf\">Attestation sur l&rsquo;honneur<\/a><\/p>\n<p>&#8211; adulte : <a href=\"https:\/\/www.ffkarate.fr\/wp-content\/uploads\/2021\/09\/Annexe-N\u00b03-QUESTIONNAIRE-A-DESTINATION-DES-LICENCIES-MAJEURS_vf.pdf\">Questionnaire<\/a> &amp; <a href=\"https:\/\/www.ffkarate.fr\/wp-content\/uploads\/2021\/09\/Annexe-N\u00b04-ATTESTATION-SUR-LHONNEUR-SPORTIF-MAJEUR_vf.pdf\">Attestation sur l&rsquo;honneur\u00a0<\/a><\/p>\n<ul>\n<li>R\u00e8glement (possibilit\u00e9 de payer en plusieurs fois)<\/li>\n<\/ul>\n<p style=\"text-align: center;\"><strong>Notre adresse<\/strong><\/p>\n<p style=\"text-align: center;\">Pour les cours du <strong>jeudi et samedi<\/strong><\/p>\n<p style=\"text-align: center;\">DOJO du gymnase du Lieutel<\/p>\n<p style=\"text-align: center;\">2 place de l&rsquo;Europe &#8211; 78940 La Queue-lez-Yvelines<\/p>\n<p style=\"text-align: center;\"><img loading=\"lazy\" decoding=\"async\" src=\"https:\/\/usykarate.fr\/wp-content\/uploads\/2018\/08\/Capture-d\u00e9cran-2018-08-01-10.25.36-300x129.png\" alt=\"\" width=\"300\" height=\"129\" class=\"alignnone size-medium wp-image-132\" srcset=\"https:\/\/usykarate.fr\/wp-content\/uploads\/2018\/08\/Capture-d\u00e9cran-2018-08-01-10.25.36-300x129.png 300w, https:\/\/usykarate.fr\/wp-content\/uploads\/2018\/08\/Capture-d\u00e9cran-2018-08-01-10.25.36-768x330.png 768w, https:\/\/usykarate.fr\/wp-content\/uploads\/2018\/08\/Capture-d\u00e9cran-2018-08-01-10.25.36-1024x439.png 1024w\" sizes=\"auto, (max-width: 300px) 100vw, 300px\" \/><\/p>\n<p style=\"text-align: center;\">lien : <a href=\"https:\/\/www.pagesjaunes.fr\/carte?bloc_id=013486512600000000C0001&amp;no_sequence=0&amp;code_rubrique=42054800\">cliquez<\/a><\/p>\n<p style=\"text-align: center;\"><strong>ENVIE D&rsquo;ESSAYER?<\/strong><\/p>\n<p style=\"text-align: center;\"><strong>Les cours sont tous niveaux <\/strong>(sauf samedi 12h &#8211; cours comp\u00e9tition)<\/p>\n<p style=\"text-align: center;\">C&rsquo;est le meilleur moyen de savoir si une discipline vous pla\u00eet ou pas.<\/p>\n<p style=\"text-align: center;\">Vous avez le droit d&rsquo;<strong>essayer chaque discipline une fois<\/strong>.<\/p>\n<p style=\"text-align: center;\"><strong>Sans rendez-vous.<\/strong><\/p>\n<p style=\"text-align: center;\"><span><strong>CERTIFICAT M\u00c9DICAL PAS OBLIGATOIRE POUR L&rsquo;ESSAI.<\/strong><\/span><\/p>\n<p style=\"text-align: center;\">Autorisation parentale pour les mineurs<\/p>\n<p style=\"text-align: center;\">Si vous n&rsquo;avez pas d&rsquo;\u00e9quipements, ce n&rsquo;est pas grave !<\/p>\n<p style=\"text-align: center;\"><strong>Prenez juste un t-shirt, un jogging ou un short et une petite bouteille d&rsquo;eau.<\/strong><\/p>\n<p style=\"text-align: center;\">Nous acceptons les cours d&rsquo;essai <strong>toute l&rsquo;ann\u00e9e. Ils ont lieu aux horaires indiqu\u00e9s des cours collectifs.<\/strong><\/p>\n<p>Suivez-nous sur <strong>Facebook<\/strong> : <a href=\"https:\/\/www.facebook.com\/KarateUSY\/\">cliquez<\/a><a href=\"https:\/\/www.facebook.com\/KarateUSY\/\">\u00a0<\/a><strong>Twitter<\/strong> :\u00a0@karateUsy<\/p>\n<p><strong>Contactez-nous<\/strong>\u00a0: <a href=\"https:\/\/usykarate.fr\/index.php\/contact\/\">cliquez<\/a><\/p>\n\n\n<div class=\"wp-block-file\"><a href=\"https:\/\/usykarate.fr\/wp-content\/uploads\/2020\/08\/Demande-inscription-Karate-Saison-2020-2021.pdf\" class=\"wp-block-file__button wp-element-button\" download>T\u00e9l\u00e9charger<\/a><\/div>\n","protected":false},"excerpt":{"rendered":"<p>-cours de karat\u00e9\u00a0pour les\u00a0adultes &amp; Adolescents, enfants, et\u00a0baby Karat\u00e9. -cours de body karat\u00e9 et pilates\u00a0(\u00e0 partir de 16 ans). Notre club propose des cours de karat\u00e9\u00a0pour tous les \u00e2ges et pour tous les niveaux, du d\u00e9butant \u00e0 la ceinture noire. Pour les adultes, les cours de\u00a0karat\u00e9 traditionnel\u00a0(kihon \/ kumite \/ [&hellip;]<\/p>\n","protected":false},"author":2,"featured_media":0,"parent":0,"menu_order":0,"comment_status":"closed","ping_status":"closed","template":"","meta":{"footnotes":""},"class_list":["post-129","page","type-page","status-publish","hentry"],"_links":{"self":[{"href":"https:\/\/usykarate.fr\/index.php\/wp-json\/wp\/v2\/pages\/129","targetHints":{"allow":["GET"]}}],"collection":[{"href":"https:\/\/usykarate.fr\/index.php\/wp-json\/wp\/v2\/pages"}],"about":[{"href":"https:\/\/usykarate.fr\/index.php\/wp-json\/wp\/v2\/types\/page"}],"author":[{"embeddable":true,"href":"https:\/\/usykarate.fr\/index.php\/wp-json\/wp\/v2\/users\/2"}],"replies":[{"embeddable":true,"href":"https:\/\/usykarate.fr\/index.php\/wp-json\/wp\/v2\/comments?post=129"}],"version-history":[{"count":45,"href":"https:\/\/usykarate.fr\/index.php\/wp-json\/wp\/v2\/pages\/129\/revisions"}],"predecessor-version":[{"id":1099,"href":"https:\/\/usykarate.fr\/index.php\/wp-json\/wp\/v2\/pages\/129\/revisions\/1099"}],"wp:attachment":[{"href":"https:\/\/usykarate.fr\/index.php\/wp-json\/wp\/v2\/media?parent=129"}],"curies":[{"name":"wp","href":"https:\/\/api.w.org\/{rel}","templated":true}]}}